{"id":2745,"date":"2022-04-21T15:31:55","date_gmt":"2022-04-21T13:31:55","guid":{"rendered":"http:\/\/packs-center.net\/?page_id=2745"},"modified":"2025-04-01T07:38:40","modified_gmt":"2025-04-01T06:38:40","slug":"packs-center","status":"publish","type":"page","link":"https:\/\/packs-center.net\/es\/packs-center\/","title":{"rendered":"Nosotros"},"content":{"rendered":"<div class=\"wpb-content-wrapper\"><p>[vc_row][vc_column width=\u00bb1\/4&#8243;][\/vc_column][vc_column width=\u00bb1\/2&#8243; css=\u00bb.vc_custom_1678797211867{margin-top: 20px !important;margin-bottom: 20px !important;}\u00bb]<div id=\"ultimate-heading-356469f738238e51d\" class=\"uvc-heading ult-adjust-bottom-margin ultimate-heading-356469f738238e51d uvc-856 accent-border-color\" data-hspacer=\"line_only\"  data-halign=\"center\" style=\"text-align:center\"><div class=\"uvc-main-heading ult-responsive\"  data-ultimate-target='.uvc-heading.ultimate-heading-356469f738238e51d h2'  data-responsive-json-new='{\"font-size\":\"desktop:26px;\",\"line-height\":\"desktop:36px;\"}' ><h2 style=\"--font-weight:theme;margin-bottom:10px;\">PACKS CENTER<\/h2><\/div><div class=\"uvc-heading-spacer line_only\" style=\"margin-bottom:30px;height:3px;\"><span class=\"uvc-headings-line\" style=\"border-style:solid;border-bottom-width:3px;border-color:#ccc;width:80px;\"><\/span><\/div><div class=\"uvc-sub-heading ult-responsive\"  data-ultimate-target='.uvc-heading.ultimate-heading-356469f738238e51d .uvc-sub-heading '  data-responsive-json-new='{\"font-size\":\"\",\"line-height\":\"desktop:28px;\"}'  style=\"font-weight:normal;\"><\/p>\n<p style=\"text-align: center;\">Servicios de packing profesional y gesti\u00f3n log\u00edstica integrada con Packs Center.<\/p>\n<p><\/div><\/div>[\/vc_column][vc_column width=\u00bb1\/4&#8243;][\/vc_column][\/vc_row][vc_row type=\u00bbvc_default\u00bb full_width=\u00bbstretch_row_content_no_spaces\u00bb equal_height=\u00bbyes\u00bb content_placement=\u00bbmiddle\u00bb css=\u00bb.vc_custom_1650548051086{margin-top: 0px !important;margin-right: 0px !important;margin-bottom: 0px !important;margin-left: 0px !important;border-top-width: 0px !important;border-right-width: 0px !important;border-bottom-width: 0px !important;border-left-width: 0px !important;padding-top: 0px !important;padding-right: 0px !important;padding-bottom: 0px !important;padding-left: 0px !important;}\u00bb][vc_column offset=\u00bbvc_col-lg-6 vc_col-md-6 vc_col-xs-12&#8243; css=\u00bb.vc_custom_1650548108656{margin-bottom: 0px !important;border-right-width: 0px !important;border-bottom-width: 0px !important;padding-top: 30px !important;padding-right: 30px !important;padding-bottom: 0px !important;padding-left: 30px !important;background-color: #bdf4fb !important;}\u00bb]<div id=\"ultimate-heading-216069f738238e627\" class=\"uvc-heading ult-adjust-bottom-margin ultimate-heading-216069f738238e627 uvc-7699 accent-border-color\" data-hspacer=\"line_only\"  data-halign=\"left\" style=\"text-align:left\"><div class=\"uvc-main-heading ult-responsive\"  data-ultimate-target='.uvc-heading.ultimate-heading-216069f738238e627 h2'  data-responsive-json-new='{\"font-size\":\"desktop:26px;\",\"line-height\":\"desktop:36px;\"}' ><h2 style=\"--font-weight:theme;margin-bottom:10px;\">DISPONIBLES<\/h2><\/div><div class=\"uvc-heading-spacer line_only\" style=\"margin-bottom:30px;height:3px;\"><span class=\"uvc-headings-line\" style=\"border-style:solid;border-bottom-width:3px;border-color:#ccc;width:80px;\"><\/span><\/div><div class=\"uvc-sub-heading ult-responsive\"  data-ultimate-target='.uvc-heading.ultimate-heading-216069f738238e627 .uvc-sub-heading '  data-responsive-json-new='{\"font-size\":\"\",\"line-height\":\"desktop:28px;\"}'  style=\"font-weight:normal;\"><strong>OPERATIVOS TODOS LOS D\u00cdAS DEL A\u00d1O<\/strong><\/p>\n<p>En Packs Center estamos operativos todos los d\u00edas del a\u00f1o, para que nuestros clientes puedan contar con nosotros en cualquier momento y situaci\u00f3n. Preparamos el packing de productos de manera r\u00e1pida y en el formato que necesites, ya sea para encargos recurrentes o campa\u00f1as puntuales que necesitan embalajes con urgencia. Nos adaptamos a las necesidades de cada cliente para ofrecer soluciones \u00e1giles y eficientes que permitan llegar a sus clientes en el plazo acordado.<\/p>\n<p>Compromiso y dedicaci\u00f3n para ofrecer el mejor servicio en todo momento.<\/div><\/div>[\/vc_column][vc_column offset=\u00bbvc_col-lg-6 vc_col-md-6 vc_col-xs-12&#8243; css=\u00bb.vc_custom_1650548080569{margin-top: 0px !important;margin-right: 0px !important;margin-bottom: 0px !important;margin-left: 0px !important;border-top-width: 0px !important;border-right-width: 0px !important;border-bottom-width: 0px !important;border-left-width: 0px !important;padding-top: 0px !important;padding-right: 0px !important;padding-bottom: 0px !important;padding-left: 0px !important;}\u00bb]<style type=\"text\/css\" data-type=\"the7_shortcodes-inline-css\">.shortcode-single-image-wrap.shortcode-single-image-470fb3ba78c88498976fa84e6c2c12b4.enable-bg-rollover .rollover i,\n.shortcode-single-image-wrap.shortcode-single-image-470fb3ba78c88498976fa84e6c2c12b4.enable-bg-rollover .rollover-video i {\n  background: -webkit-linear-gradient();\n  background: linear-gradient();\n}\n.shortcode-single-image-wrap.shortcode-single-image-470fb3ba78c88498976fa84e6c2c12b4 .rollover-icon {\n  font-size: 32px;\n  color: #ffffff;\n  min-width: 44px;\n  min-height: 44px;\n  line-height: 44px;\n  border-radius: 100px;\n  border-style: solid;\n  border-width: 0px;\n}\n.dt-icon-bg-on.shortcode-single-image-wrap.shortcode-single-image-470fb3ba78c88498976fa84e6c2c12b4 .rollover-icon {\n  background: rgba(255,255,255,0.3);\n  box-shadow: none;\n}\n<\/style><div class=\"shortcode-single-image-wrap shortcode-single-image-470fb3ba78c88498976fa84e6c2c12b4 alignnone  vc_custom_1650548135744 enable-bg-rollover dt-icon-bg-off\" ><div class=\"shortcode-single-image\"><div class=\"fancy-media-wrap  layzr-bg\" style=\"\"><img fetchpriority=\"high\" decoding=\"async\" class=\"preload-me lazy-load aspect\" src=\"data:image\/svg+xml,%3Csvg%20xmlns%3D&#39;http%3A%2F%2Fwww.w3.org%2F2000%2Fsvg&#39;%20viewBox%3D&#39;0%200%201030%20768&#39;%2F%3E\" data-src=\"https:\/\/packs-center.net\/wp-content\/uploads\/2022\/04\/foto-neteja.gif\" data-srcset=\"https:\/\/packs-center.net\/wp-content\/uploads\/2022\/04\/foto-neteja.gif 1030w\" loading=\"eager\" sizes=\"(max-width: 1030px) 100vw, 1030px\" width=\"1030\" height=\"768\"  data-dt-location=\"https:\/\/packs-center.net\/es\/packs-center\/foto-neteja\/\" style=\"--ratio: 1030 \/ 768;\" alt=\"\" \/><\/div><\/div><\/div>[\/vc_column][\/vc_row][vc_row type=\u00bbvc_default\u00bb full_width=\u00bbstretch_row_content_no_spaces\u00bb equal_height=\u00bbyes\u00bb content_placement=\u00bbmiddle\u00bb css=\u00bb.vc_custom_1650472541720{margin-top: 0px !important;margin-bottom: 0px !important;margin-left: 0px !important;border-top-width: 0px !important;border-bottom-width: 0px !important;border-left-width: 0px !important;padding-top: 0px !important;padding-bottom: 0px !important;padding-left: 0px !important;}\u00bb][vc_column offset=\u00bbvc_col-lg-6 vc_col-md-6 vc_col-xs-12&#8243; css=\u00bb.vc_custom_1650473390194{margin-top: 0px !important;margin-right: 0px !important;margin-bottom: 0px !important;margin-left: 0px !important;border-top-width: 0px !important;border-right-width: 0px !important;border-bottom-width: 0px !important;border-left-width: 0px !important;padding-top: 0px !important;padding-right: 0px !important;padding-bottom: 0px !important;padding-left: 0px !important;}\u00bb]<style type=\"text\/css\" data-type=\"the7_shortcodes-inline-css\">.shortcode-single-image-wrap.shortcode-single-image-b5ca31116d4a3574a8d6fb2811add29e.enable-bg-rollover .rollover i,\n.shortcode-single-image-wrap.shortcode-single-image-b5ca31116d4a3574a8d6fb2811add29e.enable-bg-rollover .rollover-video i {\n  background: -webkit-linear-gradient();\n  background: linear-gradient();\n}\n.shortcode-single-image-wrap.shortcode-single-image-b5ca31116d4a3574a8d6fb2811add29e .rollover-icon {\n  font-size: 32px;\n  color: #ffffff;\n  min-width: 44px;\n  min-height: 44px;\n  line-height: 44px;\n  border-radius: 100px;\n  border-style: solid;\n  border-width: 0px;\n}\n.dt-icon-bg-on.shortcode-single-image-wrap.shortcode-single-image-b5ca31116d4a3574a8d6fb2811add29e .rollover-icon {\n  background: rgba(255,255,255,0.3);\n  box-shadow: none;\n}\n<\/style><div class=\"shortcode-single-image-wrap shortcode-single-image-b5ca31116d4a3574a8d6fb2811add29e alignnone  vc_custom_1743489409655 enable-bg-rollover dt-icon-bg-off\" ><div class=\"shortcode-single-image\"><div class=\"fancy-media-wrap  layzr-bg\" style=\"\"><img decoding=\"async\" class=\"preload-me lazy-load aspect\" src=\"data:image\/svg+xml,%3Csvg%20xmlns%3D&#39;http%3A%2F%2Fwww.w3.org%2F2000%2Fsvg&#39;%20viewBox%3D&#39;0%200%20900%20600&#39;%2F%3E\" data-src=\"https:\/\/packs-center.net\/wp-content\/uploads\/033117-900x600.png\" data-srcset=\"https:\/\/packs-center.net\/wp-content\/uploads\/033117-900x600.png 900w, https:\/\/packs-center.net\/wp-content\/uploads\/033117-1620x1080.png 1620w\" loading=\"eager\" sizes=\"(max-width: 900px) 100vw, 900px\" width=\"900\" height=\"600\"  data-dt-location=\"https:\/\/packs-center.net\/es\/033117-2\/\" style=\"--ratio: 900 \/ 600;\" alt=\"\" \/><\/div><\/div><\/div>[\/vc_column][vc_column offset=\u00bbvc_col-lg-6 vc_col-md-6 vc_col-xs-12&#8243; css=\u00bb.vc_custom_1650472587635{margin-bottom: 0px !important;border-top-width: 0px !important;border-bottom-width: 0px !important;padding-top: 30px !important;padding-right: 30px !important;padding-bottom: 0px !important;padding-left: 30px !important;}\u00bb]<div id=\"ultimate-heading-191969f7382398bbc\" class=\"uvc-heading ult-adjust-bottom-margin ultimate-heading-191969f7382398bbc uvc-3839 accent-border-color\" data-hspacer=\"line_only\"  data-halign=\"left\" style=\"text-align:left\"><div class=\"uvc-main-heading ult-responsive\"  data-ultimate-target='.uvc-heading.ultimate-heading-191969f7382398bbc h2'  data-responsive-json-new='{\"font-size\":\"desktop:26px;\",\"line-height\":\"desktop:36px;\"}' ><h2 style=\"--font-weight:theme;margin-bottom:10px;\">IMPLICADOS<\/h2><\/div><div class=\"uvc-heading-spacer line_only\" style=\"margin-bottom:30px;height:3px;\"><span class=\"uvc-headings-line\" style=\"border-style:solid;border-bottom-width:3px;border-color:#ccc;width:80px;\"><\/span><\/div><div class=\"uvc-sub-heading ult-responsive\"  data-ultimate-target='.uvc-heading.ultimate-heading-191969f7382398bbc .uvc-sub-heading '  data-responsive-json-new='{\"font-size\":\"\",\"line-height\":\"desktop:28px;\"}'  style=\"font-weight:normal;\"><strong>GESTI\u00d3N INTEGRADA Y COLABORACI\u00d3N<\/strong><\/p>\n<p><span style=\"font-weight: 400;\">En Packs Center buscamos establecer una gesti\u00f3n integrada y colaborativa con cada cliente, para superar sus expectativas de servicio y construir una relaci\u00f3n a largo plazo basada en la confianza mutua. Nos esforzamos por mantener una comunicaci\u00f3n fluida y organizada con nuestros clientes para garantizar la m\u00e1xima eficiencia en la gesti\u00f3n de todos los pedidos. <\/span><span style=\"font-weight: 400;\">Estamos disponibles para responder a imprevistos y necesidades especiales, y ofrecemos soluciones personalizadas para cada situaci\u00f3n. <\/span><\/p>\n<p><span style=\"font-weight: 400;\">Trabajamos para ser el partner de embalaje y <em>flow pack<\/em> de confianza de nuestros clientes, ofreciendo <a href=\"http:\/\/packs-center.net\/packing-integral-para-empresas\/\">servicios<\/a> de calidad y atenci\u00f3n al detalle en todo momento.<\/span><\/div><\/div>[\/vc_column][\/vc_row][vc_row type=\u00bbvc_default\u00bb full_width=\u00bbstretch_row_content_no_spaces\u00bb equal_height=\u00bbyes\u00bb content_placement=\u00bbmiddle\u00bb css=\u00bb.vc_custom_1650548051086{margin-top: 0px !important;margin-right: 0px !important;margin-bottom: 0px !important;margin-left: 0px !important;border-top-width: 0px !important;border-right-width: 0px !important;border-bottom-width: 0px !important;border-left-width: 0px !important;padding-top: 0px !important;padding-right: 0px !important;padding-bottom: 0px !important;padding-left: 0px !important;}\u00bb][vc_column offset=\u00bbvc_col-lg-6 vc_col-md-6 vc_col-xs-12&#8243; css=\u00bb.vc_custom_1650548108656{margin-bottom: 0px !important;border-right-width: 0px !important;border-bottom-width: 0px !important;padding-top: 30px !important;padding-right: 30px !important;padding-bottom: 0px !important;padding-left: 30px !important;background-color: #bdf4fb !important;}\u00bb]<div id=\"ultimate-heading-320469f7382398c7e\" class=\"uvc-heading ult-adjust-bottom-margin ultimate-heading-320469f7382398c7e uvc-8239 accent-border-color\" data-hspacer=\"line_only\"  data-halign=\"left\" style=\"text-align:left\"><div class=\"uvc-main-heading ult-responsive\"  data-ultimate-target='.uvc-heading.ultimate-heading-320469f7382398c7e h2'  data-responsive-json-new='{\"font-size\":\"desktop:26px;\",\"line-height\":\"desktop:36px;\"}' ><h2 style=\"--font-weight:theme;margin-bottom:10px;\">CERCANOS<\/h2><\/div><div class=\"uvc-heading-spacer line_only\" style=\"margin-bottom:30px;height:3px;\"><span class=\"uvc-headings-line\" style=\"border-style:solid;border-bottom-width:3px;border-color:#ccc;width:80px;\"><\/span><\/div><div class=\"uvc-sub-heading ult-responsive\"  data-ultimate-target='.uvc-heading.ultimate-heading-320469f7382398c7e .uvc-sub-heading '  data-responsive-json-new='{\"font-size\":\"\",\"line-height\":\"desktop:28px;\"}'  style=\"font-weight:normal;\"><strong>TRATO PROFESIONAL Y PERSONAL<\/strong><\/p>\n<p>Ofrecemos un trato profesional y personalizado a cada cliente, comprendiendo sus necesidades en sus respectivos sectores de actividad. Les apoyamos con un <strong>packing profesional<\/strong>\u00a0eficiente que les permita ser m\u00e1s competitivos y eficientes en sus entregas, y que les ayude a optimizar su log\u00edstica y procesos de producci\u00f3n. Nos involucramos en cada proyecto de manera cercana y colaborativa, trabajando en estrecha coordinaci\u00f3n con nuestros clientes para entender sus necesidades espec\u00edficas y ofrecerles soluciones personalizadas que se adapten a sus requerimientos.<\/p>\n<p>En Packs Center, nuestro compromiso es ofrecer servicios de calidad y atenci\u00f3n al detalle, para que nuestros clientes puedan concentrarse en lo que realmente importa: hacer crecer su negocio.<\/div><\/div>[\/vc_column][vc_column offset=\u00bbvc_col-lg-6 vc_col-md-6 vc_col-xs-12&#8243; css=\u00bb.vc_custom_1650548080569{margin-top: 0px !important;margin-right: 0px !important;margin-bottom: 0px !important;margin-left: 0px !important;border-top-width: 0px !important;border-right-width: 0px !important;border-bottom-width: 0px !important;border-left-width: 0px !important;padding-top: 0px !important;padding-right: 0px !important;padding-bottom: 0px !important;padding-left: 0px !important;}\u00bb]<style type=\"text\/css\" data-type=\"the7_shortcodes-inline-css\">.shortcode-single-image-wrap.shortcode-single-image-d18817d938794be45fe676abdbe50369.enable-bg-rollover .rollover i,\n.shortcode-single-image-wrap.shortcode-single-image-d18817d938794be45fe676abdbe50369.enable-bg-rollover .rollover-video i {\n  background: -webkit-linear-gradient();\n  background: linear-gradient();\n}\n.shortcode-single-image-wrap.shortcode-single-image-d18817d938794be45fe676abdbe50369 .rollover-icon {\n  font-size: 32px;\n  color: #ffffff;\n  min-width: 44px;\n  min-height: 44px;\n  line-height: 44px;\n  border-radius: 100px;\n  border-style: solid;\n  border-width: 0px;\n}\n.dt-icon-bg-on.shortcode-single-image-wrap.shortcode-single-image-d18817d938794be45fe676abdbe50369 .rollover-icon {\n  background: rgba(255,255,255,0.3);\n  box-shadow: none;\n}\n<\/style><div class=\"shortcode-single-image-wrap shortcode-single-image-d18817d938794be45fe676abdbe50369 alignnone  vc_custom_1678872432753 enable-bg-rollover dt-icon-bg-off\" ><div class=\"shortcode-single-image\"><div class=\"fancy-media-wrap  layzr-bg\" style=\"\"><img decoding=\"async\" class=\"preload-me lazy-load aspect\" src=\"data:image\/svg+xml,%3Csvg%20xmlns%3D&#39;http%3A%2F%2Fwww.w3.org%2F2000%2Fsvg&#39;%20viewBox%3D&#39;0%200%20900%20600&#39;%2F%3E\" data-src=\"https:\/\/packs-center.net\/wp-content\/uploads\/pack-per-web.3-900x600.jpg\" data-srcset=\"https:\/\/packs-center.net\/wp-content\/uploads\/pack-per-web.3-900x600.jpg 900w, https:\/\/packs-center.net\/wp-content\/uploads\/pack-per-web.3-1800x1200.jpg 1800w\" loading=\"eager\" sizes=\"(max-width: 900px) 100vw, 900px\" width=\"900\" height=\"600\"  data-dt-location=\"https:\/\/packs-center.net\/es\/packs-center\/pack-per-web-3\/\" style=\"--ratio: 900 \/ 600;\" alt=\"\" \/><\/div><\/div><\/div>[\/vc_column][\/vc_row]<\/p>\n<\/div>","protected":false},"excerpt":{"rendered":"<p>[vc_row][vc_column width=\u00bb1\/4&#8243;][\/vc_column][vc_column width=\u00bb1\/2&#8243; css=\u00bb.vc_custom_1678797211867{margin-top: 20px !important;margin-bottom: 20px !important;}\u00bb][\/vc_column][vc_column width=\u00bb1\/4&#8243;][\/vc_column][\/vc_row][vc_row type=\u00bbvc_default\u00bb full_width=\u00bbstretch_row_content_no_spaces\u00bb equal_height=\u00bbyes\u00bb content_placement=\u00bbmiddle\u00bb css=\u00bb.vc_custom_1650548051086{margin-top: 0px !important;margin-right: 0px !important;margin-bottom: 0px !important;margin-left: 0px !important;border-top-width: 0px !important;border-right-width: 0px !important;border-bottom-width: 0px !important;border-left-width: 0px !important;padding-top: 0px !important;padding-right: 0px !important;padding-bottom: 0px !important;padding-left: 0px !important;}\u00bb][vc_column offset=\u00bbvc_col-lg-6 vc_col-md-6 vc_col-xs-12&#8243; css=\u00bb.vc_custom_1650548108656{margin-bottom: 0px !important;border-right-width: 0px !important;border-bottom-width: 0px !important;padding-top: 30px !important;padding-right: 30px !important;padding-bottom: 0px !important;padding-left: 30px&hellip;<\/p>\n","protected":false},"author":2,"featured_media":0,"parent":0,"menu_order":0,"comment_status":"closed","ping_status":"closed","template":"","meta":{"inline_featured_image":false,"footnotes":""},"class_list":["post-2745","page","type-page","status-publish","hentry","description-off"],"yoast_head":"<!-- This site is optimized with the Yoast SEO plugin v23.0 - https:\/\/yoast.com\/wordpress\/plugins\/seo\/ -->\n<title>Nosotros - Packs Center<\/title>\n<meta name=\"description\" content=\"Packs Center - packing profesional para empresas. Empaquetado y embalaje + Flow Packing completo + almacenaje y env\u00edos. Catalu\u00f1a\" \/>\n<meta name=\"robots\" content=\"index, follow, max-snippet:-1, max-image-preview:large, max-video-preview:-1\" \/>\n<link rel=\"canonical\" href=\"https:\/\/packs-center.net\/es\/packs-center\/\" \/>\n<meta property=\"og:locale\" content=\"es_ES\" \/>\n<meta property=\"og:type\" content=\"article\" \/>\n<meta property=\"og:title\" content=\"Nosotros - Packs Center\" \/>\n<meta property=\"og:description\" content=\"Packs Center - packing profesional para empresas. Empaquetado y embalaje + Flow Packing completo + almacenaje y env\u00edos. Catalu\u00f1a\" \/>\n<meta property=\"og:url\" content=\"https:\/\/packs-center.net\/es\/packs-center\/\" \/>\n<meta property=\"og:site_name\" content=\"Packs Center\" \/>\n<meta property=\"article:modified_time\" content=\"2025-04-01T06:38:40+00:00\" \/>\n<meta name=\"twitter:card\" content=\"summary_large_image\" \/>\n<meta name=\"twitter:label1\" content=\"Tiempo de lectura\" \/>\n\t<meta name=\"twitter:data1\" content=\"2 minutos\" \/>\n<script type=\"application\/ld+json\" class=\"yoast-schema-graph\">{\"@context\":\"https:\/\/schema.org\",\"@graph\":[{\"@type\":\"WebPage\",\"@id\":\"https:\/\/packs-center.net\/es\/packs-center\/\",\"url\":\"https:\/\/packs-center.net\/es\/packs-center\/\",\"name\":\"Nosotros - Packs Center\",\"isPartOf\":{\"@id\":\"https:\/\/packs-center.net\/es\/#website\"},\"datePublished\":\"2022-04-21T13:31:55+00:00\",\"dateModified\":\"2025-04-01T06:38:40+00:00\",\"description\":\"Packs Center - packing profesional para empresas. Empaquetado y embalaje + Flow Packing completo + almacenaje y env\u00edos. Catalu\u00f1a\",\"breadcrumb\":{\"@id\":\"https:\/\/packs-center.net\/es\/packs-center\/#breadcrumb\"},\"inLanguage\":\"es\",\"potentialAction\":[{\"@type\":\"ReadAction\",\"target\":[\"https:\/\/packs-center.net\/es\/packs-center\/\"]}]},{\"@type\":\"BreadcrumbList\",\"@id\":\"https:\/\/packs-center.net\/es\/packs-center\/#breadcrumb\",\"itemListElement\":[{\"@type\":\"ListItem\",\"position\":1,\"name\":\"Inicio\",\"item\":\"https:\/\/packs-center.net\/es\/\"},{\"@type\":\"ListItem\",\"position\":2,\"name\":\"Nosotros\"}]},{\"@type\":\"WebSite\",\"@id\":\"https:\/\/packs-center.net\/es\/#website\",\"url\":\"https:\/\/packs-center.net\/es\/\",\"name\":\"Packs Center\",\"description\":\"Packing profesional para empresas\",\"publisher\":{\"@id\":\"https:\/\/packs-center.net\/es\/#organization\"},\"potentialAction\":[{\"@type\":\"SearchAction\",\"target\":{\"@type\":\"EntryPoint\",\"urlTemplate\":\"https:\/\/packs-center.net\/es\/?s={search_term_string}\"},\"query-input\":\"required name=search_term_string\"}],\"inLanguage\":\"es\"},{\"@type\":\"Organization\",\"@id\":\"https:\/\/packs-center.net\/es\/#organization\",\"name\":\"packs center\",\"url\":\"https:\/\/packs-center.net\/es\/\",\"logo\":{\"@type\":\"ImageObject\",\"inLanguage\":\"es\",\"@id\":\"https:\/\/packs-center.net\/es\/#\/schema\/logo\/image\/\",\"url\":\"http:\/\/packs-center.net\/wp-content\/uploads\/packs.center@mo1.png\",\"contentUrl\":\"http:\/\/packs-center.net\/wp-content\/uploads\/packs.center@mo1.png\",\"width\":133,\"height\":40,\"caption\":\"packs center\"},\"image\":{\"@id\":\"https:\/\/packs-center.net\/es\/#\/schema\/logo\/image\/\"}}]}<\/script>\n<!-- \/ Yoast SEO plugin. -->","yoast_head_json":{"title":"Nosotros - Packs Center","description":"Packs Center - packing profesional para empresas. Empaquetado y embalaje + Flow Packing completo + almacenaje y env\u00edos. Catalu\u00f1a","robots":{"index":"index","follow":"follow","max-snippet":"max-snippet:-1","max-image-preview":"max-image-preview:large","max-video-preview":"max-video-preview:-1"},"canonical":"https:\/\/packs-center.net\/es\/packs-center\/","og_locale":"es_ES","og_type":"article","og_title":"Nosotros - Packs Center","og_description":"Packs Center - packing profesional para empresas. Empaquetado y embalaje + Flow Packing completo + almacenaje y env\u00edos. Catalu\u00f1a","og_url":"https:\/\/packs-center.net\/es\/packs-center\/","og_site_name":"Packs Center","article_modified_time":"2025-04-01T06:38:40+00:00","twitter_card":"summary_large_image","twitter_misc":{"Tiempo de lectura":"2 minutos"},"schema":{"@context":"https:\/\/schema.org","@graph":[{"@type":"WebPage","@id":"https:\/\/packs-center.net\/es\/packs-center\/","url":"https:\/\/packs-center.net\/es\/packs-center\/","name":"Nosotros - Packs Center","isPartOf":{"@id":"https:\/\/packs-center.net\/es\/#website"},"datePublished":"2022-04-21T13:31:55+00:00","dateModified":"2025-04-01T06:38:40+00:00","description":"Packs Center - packing profesional para empresas. Empaquetado y embalaje + Flow Packing completo + almacenaje y env\u00edos. Catalu\u00f1a","breadcrumb":{"@id":"https:\/\/packs-center.net\/es\/packs-center\/#breadcrumb"},"inLanguage":"es","potentialAction":[{"@type":"ReadAction","target":["https:\/\/packs-center.net\/es\/packs-center\/"]}]},{"@type":"BreadcrumbList","@id":"https:\/\/packs-center.net\/es\/packs-center\/#breadcrumb","itemListElement":[{"@type":"ListItem","position":1,"name":"Inicio","item":"https:\/\/packs-center.net\/es\/"},{"@type":"ListItem","position":2,"name":"Nosotros"}]},{"@type":"WebSite","@id":"https:\/\/packs-center.net\/es\/#website","url":"https:\/\/packs-center.net\/es\/","name":"Packs Center","description":"Packing profesional para empresas","publisher":{"@id":"https:\/\/packs-center.net\/es\/#organization"},"potentialAction":[{"@type":"SearchAction","target":{"@type":"EntryPoint","urlTemplate":"https:\/\/packs-center.net\/es\/?s={search_term_string}"},"query-input":"required name=search_term_string"}],"inLanguage":"es"},{"@type":"Organization","@id":"https:\/\/packs-center.net\/es\/#organization","name":"packs center","url":"https:\/\/packs-center.net\/es\/","logo":{"@type":"ImageObject","inLanguage":"es","@id":"https:\/\/packs-center.net\/es\/#\/schema\/logo\/image\/","url":"http:\/\/packs-center.net\/wp-content\/uploads\/packs.center@mo1.png","contentUrl":"http:\/\/packs-center.net\/wp-content\/uploads\/packs.center@mo1.png","width":133,"height":40,"caption":"packs center"},"image":{"@id":"https:\/\/packs-center.net\/es\/#\/schema\/logo\/image\/"}}]}},"_links":{"self":[{"href":"https:\/\/packs-center.net\/es\/wp-json\/wp\/v2\/pages\/2745","targetHints":{"allow":["GET"]}}],"collection":[{"href":"https:\/\/packs-center.net\/es\/wp-json\/wp\/v2\/pages"}],"about":[{"href":"https:\/\/packs-center.net\/es\/wp-json\/wp\/v2\/types\/page"}],"author":[{"embeddable":true,"href":"https:\/\/packs-center.net\/es\/wp-json\/wp\/v2\/users\/2"}],"replies":[{"embeddable":true,"href":"https:\/\/packs-center.net\/es\/wp-json\/wp\/v2\/comments?post=2745"}],"version-history":[{"count":30,"href":"https:\/\/packs-center.net\/es\/wp-json\/wp\/v2\/pages\/2745\/revisions"}],"predecessor-version":[{"id":3301,"href":"https:\/\/packs-center.net\/es\/wp-json\/wp\/v2\/pages\/2745\/revisions\/3301"}],"wp:attachment":[{"href":"https:\/\/packs-center.net\/es\/wp-json\/wp\/v2\/media?parent=2745"}],"curies":[{"name":"wp","href":"https:\/\/api.w.org\/{rel}","templated":true}]}}